{"id":297,"date":"2018-08-10T22:39:10","date_gmt":"2018-08-10T19:39:10","guid":{"rendered":"http:\/\/abcpuksiir.ee\/hestia-front\/"},"modified":"2019-03-01T13:08:40","modified_gmt":"2019-03-01T10:08:40","slug":"hestia-front","status":"publish","type":"page","link":"https:\/\/abcpuksiir.ee\/ru\/","title":{"rendered":"\u0411\u0443\u043a\u0441\u0438\u0440 \u0438 \u0430\u0432\u0442\u043e\u043f\u043e\u043c\u043e\u0449\u044c \u043d\u0430 \u0434\u043e\u0440\u043e\u0433\u0430\u0445"},"content":{"rendered":"<p style=\"text-align: left\">Mida meie teeme<\/p>\n<h4 style=\"text-align: left\"><i class=\"fa fa-check\"><\/i> Puksiiri teenus<\/h4>\n<p style=\"text-align: left\"><span>Autode, maasturite, v\u00e4ikebusside, kaubikute, pakiautode vedu<\/span><\/p>\n<h4 style=\"text-align: left\"><i class=\"fa fa-check\"><\/i> K\u00e4ivitusabi<\/h4>\n<p style=\"text-align: left\"><span>K\u00e4ivitusabi 12V\/24V<\/span><\/p>\n<h4 style=\"text-align: left\"><i class=\"fa fa-check\"><\/i> S\u00f5iduki rehvivahetus<\/h4>\n<p style=\"text-align: left\">Aitame rehvi purunemise korral paigaldada s\u00fcndmuskohal varuratta v\u00f5i selle puudumisel purunenud rehvi parandada vastavalt vajadusele ja v\u00f5imalustele rehvit\u00f6\u00f6kojas.<\/p>\n<h4 style=\"text-align: left\"><i class=\"fa fa-check\"><\/i> Lisak\u00fctuse toomine<\/h4>\n<p style=\"text-align: left\">K\u00fctuse l\u00f5ppemise korral toome Teile piisavalt k\u00fctust l\u00e4himasse tanklasse s\u00f5itmiseks.<\/p>\n<h4 style=\"text-align: left\"><i class=\"fa fa-check\"><\/i> Puksiirabi autodele t\u00e4ieliku t\u00f5stmisega<\/h4>\n<p style=\"text-align: left\">platvormile kaaluga kuni 3,5 tonni ; autode v\u00e4ljatoomine teepeenralt, kraavidest jne.<\/p>\n<h4 style=\"text-align: left\"><i class=\"fa fa-check\"><\/i> Pamper teenus<\/h4>\n<p style=\"text-align: left\">pamper teenus tellija auto toomiseks remondi v\u00f5i seismise kohta auto tagasiviimine (vajadusel) p\u00e4rast remonti;<\/p>\n<h4 style=\"text-align: left\"><i class=\"fa fa-check\"><\/i> Puksiiri teenus mootorratastele<\/h4>\n<p style=\"text-align: left\">puksiiri teenus mootorratastele nende kinnitamisega puksiiri platvormile<\/p>\n<h4 style=\"text-align: left\"><i class=\"fa fa-check\"><\/i> Puksiiri teenus eritehnika jaoks<\/h4>\n<p style=\"text-align: left\">puksiiri teenus eritehnika jaoks kaaluga kuni 3,5 tonni: laadijad, teerullid, minitraktorid, ekskavaatorid jms.<\/p>\n<h4 style=\"text-align: left\"><i class=\"fa fa-check\"><\/i> Abi autoteeninduse valikul<\/h4>\n<p style=\"text-align: left\">abi autoteeninduse valikul tellija auto remondiks v\u00f5i parkla valikul tellija auto hoidmiseks.<\/p>\n","protected":false},"excerpt":{"rendered":"<p>Mida meie teeme Puksiiri teenus Autode, maasturite, v\u00e4ikebusside, kaubikute, pakiautode vedu K\u00e4ivitusabi K\u00e4ivitusabi 12V\/24V S\u00f5iduki rehvivahetus Aitame rehvi purunemise korral paigaldada s\u00fcndmuskohal varuratta v\u00f5i selle puudumisel purunenud rehvi parandada vastavalt vajadusele ja v\u00f5imalustele rehvit\u00f6\u00f6kojas. Lisak\u00fctuse toomine K\u00fctuse l\u00f5ppemise korral toome Teile piisavalt k\u00fctust l\u00e4himasse tanklasse s\u00f5itmiseks. Puksiirabi autodele t\u00e4ieliku t\u00f5stmisega [&hellip;]<\/p>\n","protected":false},"author":1,"featured_media":593,"parent":0,"menu_order":0,"comment_status":"closed","ping_status":"closed","template":"","meta":{"footnotes":""},"class_list":["post-297","page","type-page","status-publish","has-post-thumbnail","hentry"],"_links":{"self":[{"href":"https:\/\/abcpuksiir.ee\/ru\/wp-json\/wp\/v2\/pages\/297","targetHints":{"allow":["GET"]}}],"collection":[{"href":"https:\/\/abcpuksiir.ee\/ru\/wp-json\/wp\/v2\/pages"}],"about":[{"href":"https:\/\/abcpuksiir.ee\/ru\/wp-json\/wp\/v2\/types\/page"}],"author":[{"embeddable":true,"href":"https:\/\/abcpuksiir.ee\/ru\/wp-json\/wp\/v2\/users\/1"}],"replies":[{"embeddable":true,"href":"https:\/\/abcpuksiir.ee\/ru\/wp-json\/wp\/v2\/comments?post=297"}],"version-history":[{"count":80,"href":"https:\/\/abcpuksiir.ee\/ru\/wp-json\/wp\/v2\/pages\/297\/revisions"}],"predecessor-version":[{"id":862,"href":"https:\/\/abcpuksiir.ee\/ru\/wp-json\/wp\/v2\/pages\/297\/revisions\/862"}],"wp:featuredmedia":[{"embeddable":true,"href":"https:\/\/abcpuksiir.ee\/ru\/wp-json\/wp\/v2\/media\/593"}],"wp:attachment":[{"href":"https:\/\/abcpuksiir.ee\/ru\/wp-json\/wp\/v2\/media?parent=297"}],"curies":[{"name":"wp","href":"https:\/\/api.w.org\/{rel}","templated":true}]}}