{"id":780,"date":"2019-02-08T15:14:10","date_gmt":"2019-02-08T12:14:10","guid":{"rendered":"https:\/\/abcpuksiir.ee\/?page_id=780"},"modified":"2026-04-06T14:01:34","modified_gmt":"2026-04-06T11:01:34","slug":"puksiir-2","status":"publish","type":"page","link":"https:\/\/abcpuksiir.ee\/ru\/puksiir-2\/","title":{"rendered":"(Eesti) Puksiir"},"content":{"rendered":"<div id=\"pl-780\"  class=\"panel-layout\" ><div id=\"pg-780-0\"  class=\"panel-grid panel-has-style\" ><div class=\"siteorigin-panels-stretch panel-row-style panel-row-style-for-780-0\" data-stretch-type=\"full-width-stretch\" ><div id=\"pgc-780-0-0\"  class=\"panel-grid-cell\" ><div id=\"panel-780-0-0-0\" class=\"so-panel widget widget_sow-hero panel-first-child panel-last-child\" data-index=\"0\" ><div\n\t\t\t\n\t\t\tclass=\"so-widget-sow-hero so-widget-sow-hero-default-bcca7b5c3638-780\"\n\t\t\t\n\t\t>\t\t\t\t<div class=\"sow-slider-base\" style=\"display: none\" tabindex=\"0\">\n\t\t\t\t\t<ul\n\t\t\t\t\tclass=\"sow-slider-images\"\n\t\t\t\t\tdata-settings=\"{&quot;pagination&quot;:true,&quot;speed&quot;:800,&quot;timeout&quot;:8000,&quot;paused&quot;:false,&quot;pause_on_hover&quot;:false,&quot;swipe&quot;:false,&quot;nav_always_show_desktop&quot;:&quot;&quot;,&quot;nav_always_show_mobile&quot;:&quot;&quot;,&quot;breakpoint&quot;:&quot;780px&quot;,&quot;unmute&quot;:false,&quot;anchor&quot;:null}\"\n\t\t\t\t\tstyle=\"min-height: 500px\"\t\t\t\t\tdata-anchor-id=\"\"\n\t\t\t\t>\t\t<li class=\"sow-slider-image  sow-slider-image-cover\" style=\"visibility: visible;;background-color: #333333\" >\n\t\t\t\t\t<div class=\"sow-slider-image-container\">\n\t\t\t<div class=\"sow-slider-image-wrapper\">\n\t\t\t\t<h1 style=\"text-align: center\">Auto on katki? Vajad puksiiri?<\/h1>\n<h1 style=\"text-align: center\"><span style=\"color: #43f11a\">Puksiir 24H<\/span><\/h1>\n<div class=\"sow-hero-buttons\" style=\"text-align: center\"><div\n\t\t\t\n\t\t\tclass=\"so-widget-sow-button so-widget-sow-button-wire-9a293aae4594\"\n\t\t\t\n\t\t><div class=\"ow-button-base ow-button-align-center\">\n\t<a\n\thref=\"tel:+37258006020\"\n\t\tclass=\"ow-icon-placement-left ow-button-hover\" \t>\n\t\t<span>\n\t\t\t<span class=\"sow-icon-fontawesome sow-fas\" data-sow-icon=\"&#xf095;\"\n\t\tstyle=\"color: #43f11a\" \n\t\taria-hidden=\"true\"><\/span>\n\t\t\tHelista kohe!\t\t<\/span>\n\t<\/a>\n<\/div>\n<\/div><\/div>\n\t\t\t<\/div>\n\t\t<\/div>\n\t\t<div class=\"sow-slider-image-overlay sow-slider-image-cover\" style=\"opacity: 0.4;background-image: url(https:\/\/abcpuksiir.ee\/wp-content\/uploads\/2019\/02\/znak-avariynoy-ostanovki-na-razdelitelnoy-polose.jpg)\"  ><\/div>\t\t<\/li>\n\t\t<\/ul>\t\t\t\t<ol class=\"sow-slider-pagination\">\n\t\t\t\t\t\t\t\t\t\t\t<li><a href=\"#\" data-goto=\"0\" aria-label=\"\u043f\u043e\u043a\u0430\u0437\u0430\u0442\u044c \u0441\u043b\u0430\u0439\u0434 1\"><\/a><\/li>\n\t\t\t\t\t\t\t\t\t<\/ol>\n\n\t\t\t\t<div class=\"sow-slide-nav sow-slide-nav-next\">\n\t\t\t\t\t<a href=\"#\" data-goto=\"next\" aria-label=\"\u0441\u043b\u0435\u0434\u0443\u044e\u0449\u0438\u0439 \u0441\u043b\u0430\u0439\u0434\" data-action=\"next\">\n\t\t\t\t\t\t<em class=\"sow-sld-icon-thin-right\"><\/em>\n\t\t\t\t\t<\/a>\n\t\t\t\t<\/div>\n\n\t\t\t\t<div class=\"sow-slide-nav sow-slide-nav-prev\">\n\t\t\t\t\t<a href=\"#\" data-goto=\"previous\" aria-label=\"\u043f\u0440\u0435\u0434\u044b\u0434\u0443\u0449\u0438\u0439 \u0441\u043b\u0430\u0439\u0434\" data-action=\"prev\">\n\t\t\t\t\t\t<em class=\"sow-sld-icon-thin-left\"><\/em>\n\t\t\t\t\t<\/a>\n\t\t\t\t<\/div>\n\t\t\t\t<\/div><\/div><\/div><\/div><\/div><\/div><div id=\"pg-780-1\"  class=\"panel-grid panel-has-style\" ><div class=\"panel-row-style panel-row-style-for-780-1\" ><div id=\"pgc-780-1-0\"  class=\"panel-grid-cell\" ><div id=\"panel-780-1-0-0\" class=\"so-panel widget widget_sow-headline panel-first-child panel-last-child\" data-index=\"1\" ><div\n\t\t\t\n\t\t\tclass=\"so-widget-sow-headline so-widget-sow-headline-default-5743724af45d-780\"\n\t\t\t\n\t\t><div class=\"sow-headline-container \">\n\t\t\t\t\t\t\t<h1 class=\"sow-headline\">\n\t\t\t\t\t\tMeie puksiir tuleb Teile appi 25 minuti jooksul\t\t\t\t\t\t<\/h1>\n\t\t\t\t\t\t\t\t\t\t\t\t<h3 class=\"sow-sub-headline\">\n\t\t\t\t\t\tKiire ja kvaliteetne puksiiriabi. Soodne hind. Puksiir v\u00e4ikeste veoautodele ja pakiveoautodele. Puksiiri teenus mootorratastele ja mopeedautodele.\t\t\t\t\t\t<\/h3>\n\t\t\t\t\t\t<\/div>\n<\/div><\/div><\/div><\/div><\/div><div id=\"pg-780-2\"  class=\"panel-grid panel-has-style\" ><div class=\"siteorigin-panels-stretch panel-row-style panel-row-style-for-780-2\" data-stretch-type=\"full-width-stretch\" ><div id=\"pgc-780-2-0\"  class=\"panel-grid-cell\" ><div id=\"panel-780-2-0-0\" class=\"so-panel widget widget_sow-hero panel-first-child panel-last-child\" data-index=\"2\" ><div\n\t\t\t\n\t\t\tclass=\"so-widget-sow-hero so-widget-sow-hero-default-ed2c93ba12e4-780\"\n\t\t\t\n\t\t>\t\t\t\t<div class=\"sow-slider-base\" style=\"display: none\" tabindex=\"0\">\n\t\t\t\t\t<ul\n\t\t\t\t\tclass=\"sow-slider-images\"\n\t\t\t\t\tdata-settings=\"{&quot;pagination&quot;:true,&quot;speed&quot;:800,&quot;timeout&quot;:8000,&quot;paused&quot;:false,&quot;pause_on_hover&quot;:false,&quot;swipe&quot;:false,&quot;nav_always_show_desktop&quot;:&quot;&quot;,&quot;nav_always_show_mobile&quot;:&quot;&quot;,&quot;breakpoint&quot;:&quot;780px&quot;,&quot;unmute&quot;:false,&quot;anchor&quot;:null}\"\n\t\t\t\t\t\t\t\t\t\tdata-anchor-id=\"\"\n\t\t\t\t>\t\t<li class=\"sow-slider-image  sow-slider-image-cover\" style=\"visibility: visible;;background-color: #333333\" >\n\t\t\t\t\t<div class=\"sow-slider-image-container\">\n\t\t\t<div class=\"sow-slider-image-wrapper\">\n\t\t\t\t<h1 style=\"text-align: center\">\u00d6\u00d6P\u00c4EVARINGNE PUKSIIR<\/h1>\n<p style=\"text-align: center\">Ei tea kuidas autot \u00f5igesti pukseerida?\u00a0<span>Kuhu t\u00e4pselt asetada ohukolmnurk? Millal tuleb sisse l\u00fclitada ohutuled?\u00a0Automaatk\u00e4igukast \u2013 pukseerida v\u00f5i ei?\u00a0<\/span>Telli kohe meie pukseerimise teenust!\u00a0Anname garantii teie auto ohutusele laadimise, mahalaadimise ja transportimise k\u00f5ikidel etappidel.\u00a0Me teostame mitte ainult veokite laadimist, transporti evakueerimist, vaid ka kiiret remonti kohapeal.<\/p>\n<p style=\"text-align: center\">Puksiir 24h Tallinnas ja Harjumaal.<\/p>\t\t\t<\/div>\n\t\t<\/div>\n\t\t<div class=\"sow-slider-image-overlay sow-slider-image-cover\" style=\"opacity: 0.4;background-image: url(https:\/\/abcpuksiir.ee\/wp-content\/uploads\/2018\/08\/IMG_20180807_111200-min.jpg)\"  ><\/div>\t\t<\/li>\n\t\t<\/ul>\t\t\t\t<ol class=\"sow-slider-pagination\">\n\t\t\t\t\t\t\t\t\t\t\t<li><a href=\"#\" data-goto=\"0\" aria-label=\"\u043f\u043e\u043a\u0430\u0437\u0430\u0442\u044c \u0441\u043b\u0430\u0439\u0434 1\"><\/a><\/li>\n\t\t\t\t\t\t\t\t\t<\/ol>\n\n\t\t\t\t<div class=\"sow-slide-nav sow-slide-nav-next\">\n\t\t\t\t\t<a href=\"#\" data-goto=\"next\" aria-label=\"\u0441\u043b\u0435\u0434\u0443\u044e\u0449\u0438\u0439 \u0441\u043b\u0430\u0439\u0434\" data-action=\"next\">\n\t\t\t\t\t\t<em class=\"sow-sld-icon-thin-right\"><\/em>\n\t\t\t\t\t<\/a>\n\t\t\t\t<\/div>\n\n\t\t\t\t<div class=\"sow-slide-nav sow-slide-nav-prev\">\n\t\t\t\t\t<a href=\"#\" data-goto=\"previous\" aria-label=\"\u043f\u0440\u0435\u0434\u044b\u0434\u0443\u0449\u0438\u0439 \u0441\u043b\u0430\u0439\u0434\" data-action=\"prev\">\n\t\t\t\t\t\t<em class=\"sow-sld-icon-thin-left\"><\/em>\n\t\t\t\t\t<\/a>\n\t\t\t\t<\/div>\n\t\t\t\t<\/div><\/div><\/div><\/div><\/div><\/div><div id=\"pg-780-3\"  class=\"panel-grid panel-has-style\" ><div class=\"panel-row-style panel-row-style-for-780-3\" ><div id=\"pgc-780-3-0\"  class=\"panel-grid-cell\" ><div id=\"panel-780-3-0-0\" class=\"so-panel widget widget_sow-headline panel-first-child\" data-index=\"3\" ><div\n\t\t\t\n\t\t\tclass=\"so-widget-sow-headline so-widget-sow-headline-default-a2db237442d5-780\"\n\t\t\t\n\t\t><div class=\"sow-headline-container \">\n\t\t\t\t\t\t\t<h1 class=\"sow-headline\">\n\t\t\t\t\t\tPuksiirabi hinnakiri\t\t\t\t\t\t<\/h1>\n\t\t\t\t\t\t<\/div>\n<\/div><\/div><div id=\"panel-780-3-0-1\" class=\"so-panel widget widget_sow-features panel-last-child\" data-index=\"4\" ><div\n\t\t\t\n\t\t\tclass=\"so-widget-sow-features so-widget-sow-features-default-d93b46bf6171-780\"\n\t\t\t\n\t\t>\n<div class=\"sow-features-list sow-features-responsive\">\n\n\t\t\t\t\t\t\t\t\t<div\n\t\t\t\tclass=\"sow-features-feature sow-icon-container-position-top\"\n\t\t\t\tstyle=\"display: flex; flex-direction: column; width: calc(25% - 25px);\"\n\t\t\t>\n\t\t\t\n\t\t\t\t\t\t\t\t<div\n\t\t\t\t\tclass=\"sow-icon-container sow-container-round\"\n\t\t\t\t\tstyle=\"color: #ffffff; \"\n\t\t\t\t\ttitle=\"AUTODE PUKSEERIMINE - 75\u20ac\"\t\t\t\t>\n\t\t\t\t\t<span class=\"sow-icon-fontawesome sow-fas\" data-sow-icon=\"&#xf058;\"\n\t\tstyle=\"font-size: 24px; color: #404040\" \n\t\taria-hidden=\"true\"><\/span>\t\t\t\t<\/div>\n\t\t\t\t\n\t\t\t\t<div class=\"textwidget\">\n\t\t\t\t\t\n\t\t\t\t\t\t\t\t\t\t\t<h5>\n\t\t\t\t\t\t\t\n\t\t\t\t\t\t\tAUTODE PUKSEERIMINE - 75\u20ac\t\t\t\t\t\t\t\t\t\t\t\t\t<\/h5>\n\t\t\t\t\t\n\t\t\t\t\t\t\t\t\t\t\t<p><span>Juhul kui oled j\u00e4\u00e4nud ootamatult tee \u00e4\u00e4rde v\u00f5ib vajada puksiiri teenust. Juhul, kui olete sattunud liiklus\u00f5nnetusse v\u00f5i vajab teie auto lihtsalt transportimist garaa\u017eii v\u00f5i autoteenindusse.<\/span><\/p>\n\t\t\t\t\t\n\t\t\t\t\t\t\t\t\t<\/div>\n\t\t\t\t\t\t\t\t\n\t\t\t\t\t\t\t<\/div>\n\n\t\t\t\t\t\t\t\t<div\n\t\t\t\tclass=\"sow-features-feature sow-icon-container-position-top\"\n\t\t\t\tstyle=\"display: flex; flex-direction: column; width: calc(25% - 25px);\"\n\t\t\t>\n\t\t\t\n\t\t\t\t\t\t\t\t<div\n\t\t\t\t\tclass=\"sow-icon-container sow-container-round\"\n\t\t\t\t\tstyle=\"color: #ffffff; \"\n\t\t\t\t\ttitle=\"V\u00c4IKEBUSSIDE, KAUBIKUTE, PAKIAUTODE VEDU - 85\u20ac\"\t\t\t\t>\n\t\t\t\t\t<span class=\"sow-icon-fontawesome sow-fas\" data-sow-icon=\"&#xf058;\"\n\t\tstyle=\"font-size: 24px; color: #404040\" \n\t\taria-hidden=\"true\"><\/span>\t\t\t\t<\/div>\n\t\t\t\t\n\t\t\t\t<div class=\"textwidget\">\n\t\t\t\t\t\n\t\t\t\t\t\t\t\t\t\t\t<h5>\n\t\t\t\t\t\t\t\n\t\t\t\t\t\t\tV\u00c4IKEBUSSIDE, KAUBIKUTE, PAKIAUTODE VEDU - 85\u20ac\t\t\t\t\t\t\t\t\t\t\t\t\t<\/h5>\n\t\t\t\t\t\n\t\t\t\t\t\t\t\t\t\t\t<span>Puksiir v\u00e4ikeste veoautodele ja pakiveoautodele. Autoabi teenust saame pakkuda keskmise suurusega autodele, n\u00e4iteks kaubikutele, pakiautodele v\u00f5i kastiautodele.<\/span>\t\t\t\t\t\n\t\t\t\t\t\t\t\t\t<\/div>\n\t\t\t\t\t\t\t\t\n\t\t\t\t\t\t\t<\/div>\n\n\t\t\t\t\t\t\t\t<div\n\t\t\t\tclass=\"sow-features-feature sow-icon-container-position-top\"\n\t\t\t\tstyle=\"display: flex; flex-direction: column; width: calc(25% - 25px);\"\n\t\t\t>\n\t\t\t\n\t\t\t\t\t\t\t\t<div\n\t\t\t\t\tclass=\"sow-icon-container sow-container-round\"\n\t\t\t\t\tstyle=\"color: #ffffff; \"\n\t\t\t\t\ttitle=\"PUKSIIRI TEENUS MOOTORRATASTELE - 75\u20ac\"\t\t\t\t>\n\t\t\t\t\t<span class=\"sow-icon-fontawesome sow-fas\" data-sow-icon=\"&#xf058;\"\n\t\tstyle=\"font-size: 24px; color: #404040\" \n\t\taria-hidden=\"true\"><\/span>\t\t\t\t<\/div>\n\t\t\t\t\n\t\t\t\t<div class=\"textwidget\">\n\t\t\t\t\t\n\t\t\t\t\t\t\t\t\t\t\t<h5>\n\t\t\t\t\t\t\t\n\t\t\t\t\t\t\tPUKSIIRI TEENUS MOOTORRATASTELE - 75\u20ac\t\t\t\t\t\t\t\t\t\t\t\t\t<\/h5>\n\t\t\t\t\t\n\t\t\t\t\t\t\t\t\t\t\t<p><span>Puksiiri teenus mootorratastele ja mopeedautodele. Transpordime turvaliselt ja kiirelt. Mootorratas kinnitatakse puksiiri platvormile.<\/span><\/p>\n\t\t\t\t\t\n\t\t\t\t\t\t\t\t\t<\/div>\n\t\t\t\t\t\t\t\t\n\t\t\t\t\t\t\t<\/div>\n\n\t\t\t\t\t\t\t\t<div\n\t\t\t\tclass=\"sow-features-feature sow-icon-container-position-top\"\n\t\t\t\tstyle=\"display: flex; flex-direction: column; width: calc(25% - 25px);\"\n\t\t\t>\n\t\t\t\n\t\t\t\t\t\t\t\t<div\n\t\t\t\t\tclass=\"sow-icon-container sow-container-round\"\n\t\t\t\t\tstyle=\"color: #ffffff; \"\n\t\t\t\t\ttitle=\"TEHNIKA KUNI 2500 KG - 85\u20ac\"\t\t\t\t>\n\t\t\t\t\t<span class=\"sow-icon-fontawesome sow-fas\" data-sow-icon=\"&#xf058;\"\n\t\tstyle=\"font-size: 24px; color: #404040\" \n\t\taria-hidden=\"true\"><\/span>\t\t\t\t<\/div>\n\t\t\t\t\n\t\t\t\t<div class=\"textwidget\">\n\t\t\t\t\t\n\t\t\t\t\t\t\t\t\t\t\t<h5>\n\t\t\t\t\t\t\t\n\t\t\t\t\t\t\tTEHNIKA KUNI 2500 KG - 85\u20ac\t\t\t\t\t\t\t\t\t\t\t\t\t<\/h5>\n\t\t\t\t\t\n\t\t\t\t\t\t\t\t\t\t\t<p><span>Puksiiri teenus eritehnika jaoks kaaluga kuni 2,5 tonni: laadijad, teerullid, minilaadurid, kallurid, minitraktorid, laot\u00f5stukid, diiselt\u00f5stukid, Bobcat \u2018id, p\u00f5llumajandustehnika, ekskavaatorid, mootorsaanid jms.<\/span><\/p>\n\t\t\t\t\t\n\t\t\t\t\t\t\t\t\t<\/div>\n\t\t\t\t\t\t\t\t\n\t\t\t\t\t\t\t<\/div>\n\n\t\t\t\n<\/div>\n<\/div><\/div><\/div><\/div><\/div><\/div>","protected":false},"excerpt":{"rendered":"<p>Auto on katki? Vajad puksiiri? Puksiir 24H Helista kohe! Meie puksiir tuleb Teile appi 25 minuti jooksul Kiire ja kvaliteetne puksiiriabi. Soodne hind. Puksiir v\u00e4ikeste veoautodele ja pakiveoautodele. Puksiiri teenus mootorratastele ja mopeedautodele. \u00d6\u00d6P\u00c4EVARINGNE PUKSIIR Ei tea kuidas autot \u00f5igesti pukseerida?\u00a0Kuhu t\u00e4pselt asetada ohukolmnurk? Millal tuleb sisse l\u00fclitada ohutuled?\u00a0Automaatk\u00e4igukast \u2013 [&hellip;]<\/p>\n","protected":false},"author":1,"featured_media":0,"parent":0,"menu_order":0,"comment_status":"closed","ping_status":"closed","template":"page-templates\/template-pagebuilder-full-width.php","meta":{"footnotes":""},"class_list":["post-780","page","type-page","status-publish","hentry"],"_links":{"self":[{"href":"https:\/\/abcpuksiir.ee\/ru\/wp-json\/wp\/v2\/pages\/780","targetHints":{"allow":["GET"]}}],"collection":[{"href":"https:\/\/abcpuksiir.ee\/ru\/wp-json\/wp\/v2\/pages"}],"about":[{"href":"https:\/\/abcpuksiir.ee\/ru\/wp-json\/wp\/v2\/types\/page"}],"author":[{"embeddable":true,"href":"https:\/\/abcpuksiir.ee\/ru\/wp-json\/wp\/v2\/users\/1"}],"replies":[{"embeddable":true,"href":"https:\/\/abcpuksiir.ee\/ru\/wp-json\/wp\/v2\/comments?post=780"}],"version-history":[{"count":60,"href":"https:\/\/abcpuksiir.ee\/ru\/wp-json\/wp\/v2\/pages\/780\/revisions"}],"predecessor-version":[{"id":921,"href":"https:\/\/abcpuksiir.ee\/ru\/wp-json\/wp\/v2\/pages\/780\/revisions\/921"}],"wp:attachment":[{"href":"https:\/\/abcpuksiir.ee\/ru\/wp-json\/wp\/v2\/media?parent=780"}],"curies":[{"name":"wp","href":"https:\/\/api.w.org\/{rel}","templated":true}]}}